{"id":561,"date":"2020-06-30T18:13:10","date_gmt":"2020-06-30T16:13:10","guid":{"rendered":"https:\/\/mastermindmovement.de\/index.php\/index\/"},"modified":"2026-03-06T09:24:58","modified_gmt":"2026-03-06T08:24:58","slug":"index","status":"publish","type":"page","link":"https:\/\/www.mastermindmovement.de\/en\/","title":{"rendered":"Index"},"content":{"rendered":"","protected":true},"excerpt":{"rendered":"","protected":true},"author":4,"featured_media":0,"parent":0,"menu_order":2,"comment_status":"closed","ping_status":"closed","template":"","meta":[],"acf":[],"yoast_head":"<!-- This site is optimized with the Yoast SEO plugin v21.8.1 - https:\/\/yoast.com\/wordpress\/plugins\/seo\/ -->\n<title>MASTERMIND MOVEMENT<\/title>\n<meta name=\"description\" content=\"Vielen Unternehmer:innen und F\u00fchrungskr\u00e4ften geht es \u00e4hnlich: Bleib nicht alleine mit deinen Herausforderungen. Wir stellen dir Menschen an die Seite, die dich in gesch\u00fctztem Raum vertrauensvoll und achtsam unterst\u00fctzen.\" \/>\n<meta name=\"robots\" content=\"index, follow, max-snippet:-1, max-image-preview:large, max-video-preview:-1\" \/>\n<link rel=\"canonical\" href=\"https:\/\/www.mastermindmovement.de\/en\/\" \/>\n<meta property=\"og:locale\" content=\"en_US\" \/>\n<meta property=\"og:type\" content=\"article\" \/>\n<meta property=\"og:title\" content=\"MASTERMIND MOVEMENT\" \/>\n<meta property=\"og:description\" content=\"Vielen Unternehmer:innen und F\u00fchrungskr\u00e4ften geht es \u00e4hnlich: Bleib nicht alleine mit deinen Herausforderungen. Wir stellen dir Menschen an die Seite, die dich in gesch\u00fctztem Raum vertrauensvoll und achtsam unterst\u00fctzen.\" \/>\n<meta property=\"og:url\" content=\"https:\/\/www.mastermindmovement.de\/en\/\" \/>\n<meta property=\"og:site_name\" content=\"Mastermind Movement\" \/>\n<meta property=\"article:publisher\" content=\"https:\/\/www.facebook.com\/mastermindmovement\/\" \/>\n<meta property=\"article:modified_time\" content=\"2026-03-06T08:24:58+00:00\" \/>\n<meta name=\"twitter:card\" content=\"summary_large_image\" \/>\n<script type=\"application\/ld+json\" class=\"yoast-schema-graph\">{\"@context\":\"https:\/\/schema.org\",\"@graph\":[{\"@type\":\"WebPage\",\"@id\":\"https:\/\/www.mastermindmovement.de\/\",\"url\":\"https:\/\/www.mastermindmovement.de\/\",\"name\":\"MASTERMIND MOVEMENT\",\"isPartOf\":{\"@id\":\"https:\/\/www.mastermindmovement.de\/en\/#website\"},\"datePublished\":\"2020-06-30T16:13:10+00:00\",\"dateModified\":\"2026-03-06T08:24:58+00:00\",\"breadcrumb\":{\"@id\":\"https:\/\/www.mastermindmovement.de\/#breadcrumb\"},\"inLanguage\":\"en-US\"},{\"@type\":\"WebSite\",\"@id\":\"https:\/\/www.mastermindmovement.de\/en\/#website\",\"url\":\"https:\/\/www.mastermindmovement.de\/en\/\",\"name\":\"Mastermind Movement\",\"description\":\"\",\"publisher\":{\"@id\":\"https:\/\/www.mastermindmovement.de\/en\/#organization\"},\"potentialAction\":[{\"@type\":\"SearchAction\",\"target\":{\"@type\":\"EntryPoint\",\"urlTemplate\":\"https:\/\/www.mastermindmovement.de\/en\/?s={search_term_string}\"},\"query-input\":\"required name=search_term_string\"}],\"inLanguage\":\"en-US\"},{\"@type\":\"Organization\",\"@id\":\"https:\/\/www.mastermindmovement.de\/en\/#organization\",\"name\":\"Mastermind Movement\",\"url\":\"https:\/\/www.mastermindmovement.de\/en\/\",\"logo\":{\"@type\":\"ImageObject\",\"inLanguage\":\"en-US\",\"@id\":\"https:\/\/www.mastermindmovement.de\/en\/#\/schema\/logo\/image\/\",\"url\":\"https:\/\/www.mastermindmovement.de\/wp-content\/uploads\/www.mastermindmovement.de-mmm-logo.jpeg\",\"contentUrl\":\"https:\/\/www.mastermindmovement.de\/wp-content\/uploads\/www.mastermindmovement.de-mmm-logo.jpeg\",\"width\":500,\"height\":500,\"caption\":\"Mastermind Movement\"},\"image\":{\"@id\":\"https:\/\/www.mastermindmovement.de\/en\/#\/schema\/logo\/image\/\"},\"sameAs\":[\"https:\/\/www.facebook.com\/mastermindmovement\/\",\"https:\/\/www.instagram.com\/mastermind_movement\/\",\"https:\/\/www.linkedin.com\/company\/mastermindmovement\/\",\"https:\/\/www.youtube.com\/channel\/UCP6CxQ1smkqXp49ju-o5XJQ\"]}]}<\/script>\n<!-- \/ Yoast SEO plugin. -->","yoast_head_json":{"title":"MASTERMIND MOVEMENT","description":"Vielen Unternehmer:innen und F\u00fchrungskr\u00e4ften geht es \u00e4hnlich: Bleib nicht alleine mit deinen Herausforderungen. Wir stellen dir Menschen an die Seite, die dich in gesch\u00fctztem Raum vertrauensvoll und achtsam unterst\u00fctzen.","robots":{"index":"index","follow":"follow","max-snippet":"max-snippet:-1","max-image-preview":"max-image-preview:large","max-video-preview":"max-video-preview:-1"},"canonical":"https:\/\/www.mastermindmovement.de\/en\/","og_locale":"en_US","og_type":"article","og_title":"MASTERMIND MOVEMENT","og_description":"Vielen Unternehmer:innen und F\u00fchrungskr\u00e4ften geht es \u00e4hnlich: Bleib nicht alleine mit deinen Herausforderungen. Wir stellen dir Menschen an die Seite, die dich in gesch\u00fctztem Raum vertrauensvoll und achtsam unterst\u00fctzen.","og_url":"https:\/\/www.mastermindmovement.de\/en\/","og_site_name":"Mastermind Movement","article_publisher":"https:\/\/www.facebook.com\/mastermindmovement\/","article_modified_time":"2026-03-06T08:24:58+00:00","twitter_card":"summary_large_image","schema":{"@context":"https:\/\/schema.org","@graph":[{"@type":"WebPage","@id":"https:\/\/www.mastermindmovement.de\/","url":"https:\/\/www.mastermindmovement.de\/","name":"MASTERMIND MOVEMENT","isPartOf":{"@id":"https:\/\/www.mastermindmovement.de\/en\/#website"},"datePublished":"2020-06-30T16:13:10+00:00","dateModified":"2026-03-06T08:24:58+00:00","breadcrumb":{"@id":"https:\/\/www.mastermindmovement.de\/#breadcrumb"},"inLanguage":"en-US"},{"@type":"WebSite","@id":"https:\/\/www.mastermindmovement.de\/en\/#website","url":"https:\/\/www.mastermindmovement.de\/en\/","name":"Mastermind Movement","description":"","publisher":{"@id":"https:\/\/www.mastermindmovement.de\/en\/#organization"},"potentialAction":[{"@type":"SearchAction","target":{"@type":"EntryPoint","urlTemplate":"https:\/\/www.mastermindmovement.de\/en\/?s={search_term_string}"},"query-input":"required name=search_term_string"}],"inLanguage":"en-US"},{"@type":"Organization","@id":"https:\/\/www.mastermindmovement.de\/en\/#organization","name":"Mastermind Movement","url":"https:\/\/www.mastermindmovement.de\/en\/","logo":{"@type":"ImageObject","inLanguage":"en-US","@id":"https:\/\/www.mastermindmovement.de\/en\/#\/schema\/logo\/image\/","url":"https:\/\/www.mastermindmovement.de\/wp-content\/uploads\/www.mastermindmovement.de-mmm-logo.jpeg","contentUrl":"https:\/\/www.mastermindmovement.de\/wp-content\/uploads\/www.mastermindmovement.de-mmm-logo.jpeg","width":500,"height":500,"caption":"Mastermind Movement"},"image":{"@id":"https:\/\/www.mastermindmovement.de\/en\/#\/schema\/logo\/image\/"},"sameAs":["https:\/\/www.facebook.com\/mastermindmovement\/","https:\/\/www.instagram.com\/mastermind_movement\/","https:\/\/www.linkedin.com\/company\/mastermindmovement\/","https:\/\/www.youtube.com\/channel\/UCP6CxQ1smkqXp49ju-o5XJQ"]}]}},"_links":{"self":[{"href":"https:\/\/www.mastermindmovement.de\/en\/wp-json\/wp\/v2\/pages\/561"}],"collection":[{"href":"https:\/\/www.mastermindmovement.de\/en\/wp-json\/wp\/v2\/pages"}],"about":[{"href":"https:\/\/www.mastermindmovement.de\/en\/wp-json\/wp\/v2\/types\/page"}],"author":[{"embeddable":true,"href":"https:\/\/www.mastermindmovement.de\/en\/wp-json\/wp\/v2\/users\/4"}],"replies":[{"embeddable":true,"href":"https:\/\/www.mastermindmovement.de\/en\/wp-json\/wp\/v2\/comments?post=561"}],"version-history":[{"count":52,"href":"https:\/\/www.mastermindmovement.de\/en\/wp-json\/wp\/v2\/pages\/561\/revisions"}],"predecessor-version":[{"id":2845,"href":"https:\/\/www.mastermindmovement.de\/en\/wp-json\/wp\/v2\/pages\/561\/revisions\/2845"}],"wp:attachment":[{"href":"https:\/\/www.mastermindmovement.de\/en\/wp-json\/wp\/v2\/media?parent=561"}],"curies":[{"name":"wp","href":"https:\/\/api.w.org\/{rel}","templated":true}]}}